{"id":28,"date":"2015-05-14T21:44:21","date_gmt":"2015-05-14T19:44:21","guid":{"rendered":"http:\/\/46.101.128.60\/?page_id=28"},"modified":"2025-12-08T07:28:27","modified_gmt":"2025-12-08T06:28:27","slug":"preise","status":"publish","type":"page","link":"https:\/\/birgit-commans.de\/index.php\/preise\/","title":{"rendered":"Preise"},"content":{"rendered":"<div class=\"art-layout-cell art-content\">\n<div class=\"art-post\">\n<div class=\"art-post-body\">\n<div class=\"art-post-inner\">\n<div class=\"art-postcontent\">\n<div class=\"art-article\">\n<table style=\"height: 490px;\" border=\"0\" width=\"845\" rules=\"all\">\n<tbody>\n<tr>\n<td valign=\"middle\">\u00a0<\/td>\n<td valign=\"middle\">\n<h5 style=\"text-align: center;\"><strong>Minuten<\/strong><\/h5>\n<\/td>\n<td valign=\"middle\">\n<h5 style=\"text-align: center;\"><strong>Preis<\/strong><\/h5>\n<\/td>\n<td valign=\"middle\">\n<h5 style=\"text-align: center;\">\u00a0<\/h5>\n<\/td>\n<\/tr>\n<tr valign=\"middle\">\n<td valign=\"middle\">Anti-Stressmassage<\/td>\n<td style=\"text-align: center;\" valign=\"middle\">60<br \/>90<\/td>\n<td style=\"text-align: center;\" valign=\"middle\">\u00a068 \u20ac<br \/>\u00a095 \u20ac<\/td>\n<td style=\"text-align: center;\" valign=\"middle\">\u00a0<\/td>\n<\/tr>\n<tr>\n<td valign=\"middle\">Ayurveda \u00d6lmassage -Abhyanga-<\/td>\n<td style=\"text-align: center;\" valign=\"middle\">90<br \/>120<\/td>\n<td style=\"text-align: center;\" valign=\"middle\">\u00a095 \u20ac<br \/>115 \u20ac<\/td>\n<td style=\"text-align: center;\" valign=\"middle\">\u00a0<\/td>\n<\/tr>\n<tr>\n<td valign=\"middle\">BEST OF R\u00fccken-\/Nacken-\/Schultermassage<\/td>\n<td style=\"text-align: center;\" valign=\"middle\">60<\/td>\n<td style=\"text-align: center;\" valign=\"middle\">68 \u20ac<\/td>\n<td style=\"text-align: center;\" valign=\"middle\">\n<p>\u00a0<\/p>\n<\/td>\n<\/tr>\n<tr>\n<td valign=\"middle\">Fu\u00dfreflexzonenmassage<\/td>\n<td style=\"text-align: center;\" valign=\"middle\">60<\/td>\n<td style=\"text-align: center;\" valign=\"middle\">\u00a065 \u20ac<\/td>\n<td style=\"text-align: center;\" valign=\"middle\">\u00a0<\/td>\n<\/tr>\n<tr>\n<td valign=\"middle\">Hot Stone Massage<\/td>\n<td style=\"text-align: center;\" valign=\"middle\">90<br \/>120<\/td>\n<td style=\"text-align: center;\" valign=\"middle\">\u00a0105 \u20ac<br \/>125 \u20ac<\/td>\n<td style=\"text-align: center;\" valign=\"middle\">\u00a0<\/td>\n<\/tr>\n<tr>\n<td valign=\"middle\">\n<p>Lomi Lomi Nui <br \/>-Tempelmassage-<\/p>\n<\/td>\n<td style=\"text-align: center;\" valign=\"middle\">\n<p>90<br \/>120<\/p>\n<\/td>\n<td style=\"text-align: center;\" valign=\"middle\">\n<p>95 \u20ac<br \/>115 \u20ac<\/p>\n<\/td>\n<td style=\"text-align: center;\" valign=\"middle\">\u00a0<\/td>\n<\/tr>\n<tr>\n<td valign=\"middle\">\u00a0<\/td>\n<td valign=\"top\">\u00a0<\/td>\n<td style=\"text-align: center;\" valign=\"top\">\u00a0<\/td>\n<td style=\"text-align: center;\" valign=\"top\">\u00a0<\/td>\n<\/tr>\n<tr>\n<td valign=\"middle\">Alle Preise sind Endpreise,<br \/>g\u00fcltig ab dem 01.07.2025<\/td>\n<td valign=\"middle\">\u00a0<\/td>\n<td valign=\"middle\">\u00a0<\/td>\n<td valign=\"middle\">\u00a0<\/td>\n<\/tr>\n<\/tbody>\n<\/table>\n<\/div>\n<\/div>\n<div class=\"cleared\">\n<p>Die Minutenangaben sind reine Massagezeiten. Bitte planen Sie gen\u00fcgend Zeit ein, zum Ankommen, einem Vorgespr\u00e4ch und f\u00fcr die m\u00f6gliche Nachruhzeit.<\/p>\n<p>Gerne stelle ich f\u00fcr Sie nach Ihren individuellen Bed\u00fcrfnissen eine Kombination aus verschiedenen Massagen zusammen.<\/p>\n<p>Eine Bezahlung per Scheck oder Kreditkarte ist nicht m\u00f6glich.<\/p>\n<\/div>\n<\/div>\n<div class=\"cleared\">\u00a0<\/div>\n<\/div>\n<\/div>\n<\/div>\n\n\n<p><\/p>\n","protected":false},"excerpt":{"rendered":"<p>\u00a0 Minuten Preis \u00a0 Anti-Stressmassage 6090 \u00a068 \u20ac\u00a095 \u20ac \u00a0 Ayurveda \u00d6lmassage -Abhyanga- 90120 \u00a095 \u20ac115 \u20ac \u00a0 BEST OF R\u00fccken-\/Nacken-\/Schultermassage 60 68 \u20ac \u00a0 Fu\u00dfreflexzonenmassage 60 \u00a065 \u20ac \u00a0 Hot Stone Massage 90120 \u00a0105 \u20ac125 \u20ac \u00a0 Lomi Lomi Nui -Tempelmassage- 90120 95 \u20ac115 \u20ac \u00a0 \u00a0 \u00a0 \u00a0 \u00a0 Alle Preise sind Endpreise,g\u00fcltig [&hellip;]<\/p>\n","protected":false},"author":2,"featured_media":0,"parent":0,"menu_order":0,"comment_status":"closed","ping_status":"closed","template":"page-notitle.php","meta":[],"_links":{"self":[{"href":"https:\/\/birgit-commans.de\/index.php\/wp-json\/wp\/v2\/pages\/28"}],"collection":[{"href":"https:\/\/birgit-commans.de\/index.php\/wp-json\/wp\/v2\/pages"}],"about":[{"href":"https:\/\/birgit-commans.de\/index.php\/wp-json\/wp\/v2\/types\/page"}],"author":[{"embeddable":true,"href":"https:\/\/birgit-commans.de\/index.php\/wp-json\/wp\/v2\/users\/2"}],"replies":[{"embeddable":true,"href":"https:\/\/birgit-commans.de\/index.php\/wp-json\/wp\/v2\/comments?post=28"}],"version-history":[{"count":27,"href":"https:\/\/birgit-commans.de\/index.php\/wp-json\/wp\/v2\/pages\/28\/revisions"}],"predecessor-version":[{"id":394,"href":"https:\/\/birgit-commans.de\/index.php\/wp-json\/wp\/v2\/pages\/28\/revisions\/394"}],"wp:attachment":[{"href":"https:\/\/birgit-commans.de\/index.php\/wp-json\/wp\/v2\/media?parent=28"}],"curies":[{"name":"wp","href":"https:\/\/api.w.org\/{rel}","templated":true}]}}