{"id":41,"date":"2015-05-14T21:48:16","date_gmt":"2015-05-14T19:48:16","guid":{"rendered":"http:\/\/46.101.128.60\/?page_id=41"},"modified":"2016-12-30T11:30:14","modified_gmt":"2016-12-30T10:30:14","slug":"anti-stress","status":"publish","type":"page","link":"https:\/\/birgit-commans.de\/index.php\/meine-massagen\/anti-stress\/","title":{"rendered":"Anti-Stress"},"content":{"rendered":"<h2 class=\"art-postheader\">Anti Stress Ganzk\u00f6rper<\/h2>\n<div class=\"art-postcontent\">\n<div class=\"art-article\">\n<p>Entfliehen Sie dem Stress im Alltag und wirken Sie durch eine ausgleichende Massage den vielf\u00e4ltigen k\u00f6rperlichen Beschwerden, bis hin zum Burn-Out-Syndrom entgegen<\/p>\n<div>Bei dieser ganzheitlichen Massage wende ich Griffe und Techniken, unter anderem aus der klassischen Massage, an. Beine, Arme, R\u00fccken, Schultern und Nacken,<br \/>\n<img loading=\"lazy\" class=\"alignright wp-image-158 size-medium\" src=\"http:\/\/46.101.128.60\/wp-content\/uploads\/2015\/06\/ruecken150x100-300x200.jpg\" alt=\"ruecken150x100\" width=\"300\" height=\"200\" srcset=\"https:\/\/birgit-commans.de\/wp-content\/uploads\/2015\/06\/ruecken150x100-300x200.jpg 300w, https:\/\/birgit-commans.de\/wp-content\/uploads\/2015\/06\/ruecken150x100.jpg 380w\" sizes=\"(max-width: 300px) 100vw, 300px\" \/>H\u00e4nde und F\u00fc\u00dfe sowie Bauch und Gesicht werden von mir mit individuell auf Ihre Bed\u00fcrfnisse abgestimmten Massagegriffen behandelt. Genie\u00dfen Sie die wohltuenden Ber\u00fchrungen bei dieser Massage und vergessen Sie den Alltag und alle Erwartungen.<br \/>\nVerspannungen k\u00f6nnen sich\u00a0 l\u00f6sen, alles Belastende f\u00e4llt f\u00fcr eine Weile ab und tiefes Durchatmen l\u00e4sst Sie neue Energien versp\u00fcren.<br \/>\nGehen Sie gest\u00e4rkt und mit neuer Klarheit zur\u00fcck in Ihr Leben.<\/div>\n<blockquote><p><img loading=\"lazy\" class=\"alignnone wp-image-130\" src=\"http:\/\/46.101.128.60\/wp-content\/uploads\/2015\/05\/url-300x276.png\" alt=\"url\" width=\"24\" height=\"22\" srcset=\"https:\/\/birgit-commans.de\/wp-content\/uploads\/2015\/05\/url-300x276.png 300w, https:\/\/birgit-commans.de\/wp-content\/uploads\/2015\/05\/url.png 455w\" sizes=\"(max-width: 24px) 100vw, 24px\" \/><strong><em>Wer neu anfangen will, sollte es sofort tun, denn\u00a0 eine \u00fcberwundene<br \/>\nSchwierigkeit vermeidet hundert neue (Konfuzius)<\/em><\/strong><\/p><\/blockquote>\n<\/div>\n<\/div>\n","protected":false},"excerpt":{"rendered":"<p>Anti Stress Ganzk\u00f6rper Entfliehen Sie dem Stress im Alltag und wirken Sie durch eine ausgleichende Massage den vielf\u00e4ltigen k\u00f6rperlichen Beschwerden, bis hin zum Burn-Out-Syndrom entgegen Bei dieser ganzheitlichen Massage wende ich Griffe und Techniken, unter anderem aus der klassischen Massage, an. Beine, Arme, R\u00fccken, Schultern und Nacken, H\u00e4nde und F\u00fc\u00dfe sowie Bauch und Gesicht werden [&hellip;]<\/p>\n","protected":false},"author":2,"featured_media":0,"parent":24,"menu_order":0,"comment_status":"closed","ping_status":"closed","template":"page-notitle.php","meta":[],"_links":{"self":[{"href":"https:\/\/birgit-commans.de\/index.php\/wp-json\/wp\/v2\/pages\/41"}],"collection":[{"href":"https:\/\/birgit-commans.de\/index.php\/wp-json\/wp\/v2\/pages"}],"about":[{"href":"https:\/\/birgit-commans.de\/index.php\/wp-json\/wp\/v2\/types\/page"}],"author":[{"embeddable":true,"href":"https:\/\/birgit-commans.de\/index.php\/wp-json\/wp\/v2\/users\/2"}],"replies":[{"embeddable":true,"href":"https:\/\/birgit-commans.de\/index.php\/wp-json\/wp\/v2\/comments?post=41"}],"version-history":[{"count":8,"href":"https:\/\/birgit-commans.de\/index.php\/wp-json\/wp\/v2\/pages\/41\/revisions"}],"predecessor-version":[{"id":290,"href":"https:\/\/birgit-commans.de\/index.php\/wp-json\/wp\/v2\/pages\/41\/revisions\/290"}],"up":[{"embeddable":true,"href":"https:\/\/birgit-commans.de\/index.php\/wp-json\/wp\/v2\/pages\/24"}],"wp:attachment":[{"href":"https:\/\/birgit-commans.de\/index.php\/wp-json\/wp\/v2\/media?parent=41"}],"curies":[{"name":"wp","href":"https:\/\/api.w.org\/{rel}","templated":true}]}}