{"id":48,"date":"2015-05-14T21:49:42","date_gmt":"2015-05-14T19:49:42","guid":{"rendered":"http:\/\/46.101.128.60\/?page_id=48"},"modified":"2015-06-24T22:12:21","modified_gmt":"2015-06-24T20:12:21","slug":"best-of","status":"publish","type":"page","link":"https:\/\/birgit-commans.de\/index.php\/meine-massagen\/best-of\/","title":{"rendered":"Best of"},"content":{"rendered":"<h2 class=\"art-postheader\">Best of R\u00fccken- \/Nacken-\/Schultermassage<\/h2>\n<div class=\"art-postcontent\">\n<div class=\"art-article\">\n<div><img loading=\"lazy\" class=\"alignright wp-image-159 size-medium\" src=\"http:\/\/46.101.128.60\/wp-content\/uploads\/2015\/06\/ruecken-u-blatt-100x150-200x300.jpg\" alt=\"ruecken u blatt 100x150\" width=\"200\" height=\"300\" srcset=\"https:\/\/birgit-commans.de\/wp-content\/uploads\/2015\/06\/ruecken-u-blatt-100x150-200x300.jpg 200w, https:\/\/birgit-commans.de\/wp-content\/uploads\/2015\/06\/ruecken-u-blatt-100x150.jpg 258w\" sizes=\"(max-width: 200px) 100vw, 200px\" \/><br \/>\nDas Beste aus verschiedensten Massagearten habe ich f\u00fcr diese Behandlung zusammengestellt.<br \/>\nFehlhaltungen, mangelnde Bewegung und Stress f\u00fchren oft zu schmerzhaften Verspannungen des R\u00fccken-, Nacken- und Schulterbereiches.<br \/>\nDurch spezielle\u00a0 Knetungen, Griffe und Dehnungen lockere ich die Verspannungen der Muskulatur im R\u00fccken-, Schulter- und Nackenbereich. Hierbei wechseln feste und tiefgehende Griffe mit sanften und ruhigen Ausstreichungen ab. Die Massage endet mit einer intensiven Schulter-\/Nackenbehandlung in R\u00fcckenlage. Eine entspannenede Kopfmassage kr\u00f6nt diesen Abschluss, wenn Sie es m\u00f6chten. Durch die tiefe Entspannung bei dieser intensiven R\u00fcckenbehandlung kann sich die gesamte Muskulatur regenerieren und lokale Verspannungen werden gelockert.<\/div>\n<div><\/div>\n<blockquote><p><img loading=\"lazy\" class=\"alignnone wp-image-130\" src=\"http:\/\/46.101.128.60\/wp-content\/uploads\/2015\/05\/url-300x276.png\" alt=\"url\" width=\"24\" height=\"22\" srcset=\"https:\/\/birgit-commans.de\/wp-content\/uploads\/2015\/05\/url-300x276.png 300w, https:\/\/birgit-commans.de\/wp-content\/uploads\/2015\/05\/url.png 455w\" sizes=\"(max-width: 24px) 100vw, 24px\" \/><strong><em>R\u00fccken gut, alles gut. . .<\/em><\/strong><\/p><\/blockquote>\n<\/div>\n<\/div>\n","protected":false},"excerpt":{"rendered":"<p>Best of R\u00fccken- \/Nacken-\/Schultermassage Das Beste aus verschiedensten Massagearten habe ich f\u00fcr diese Behandlung zusammengestellt. Fehlhaltungen, mangelnde Bewegung und Stress f\u00fchren oft zu schmerzhaften Verspannungen des R\u00fccken-, Nacken- und Schulterbereiches. Durch spezielle\u00a0 Knetungen, Griffe und Dehnungen lockere ich die Verspannungen der Muskulatur im R\u00fccken-, Schulter- und Nackenbereich. Hierbei wechseln feste und tiefgehende Griffe mit sanften [&hellip;]<\/p>\n","protected":false},"author":2,"featured_media":0,"parent":24,"menu_order":0,"comment_status":"closed","ping_status":"closed","template":"page-notitle.php","meta":[],"_links":{"self":[{"href":"https:\/\/birgit-commans.de\/index.php\/wp-json\/wp\/v2\/pages\/48"}],"collection":[{"href":"https:\/\/birgit-commans.de\/index.php\/wp-json\/wp\/v2\/pages"}],"about":[{"href":"https:\/\/birgit-commans.de\/index.php\/wp-json\/wp\/v2\/types\/page"}],"author":[{"embeddable":true,"href":"https:\/\/birgit-commans.de\/index.php\/wp-json\/wp\/v2\/users\/2"}],"replies":[{"embeddable":true,"href":"https:\/\/birgit-commans.de\/index.php\/wp-json\/wp\/v2\/comments?post=48"}],"version-history":[{"count":13,"href":"https:\/\/birgit-commans.de\/index.php\/wp-json\/wp\/v2\/pages\/48\/revisions"}],"predecessor-version":[{"id":220,"href":"https:\/\/birgit-commans.de\/index.php\/wp-json\/wp\/v2\/pages\/48\/revisions\/220"}],"up":[{"embeddable":true,"href":"https:\/\/birgit-commans.de\/index.php\/wp-json\/wp\/v2\/pages\/24"}],"wp:attachment":[{"href":"https:\/\/birgit-commans.de\/index.php\/wp-json\/wp\/v2\/media?parent=48"}],"curies":[{"name":"wp","href":"https:\/\/api.w.org\/{rel}","templated":true}]}}