{"id":59,"date":"2015-05-14T21:53:05","date_gmt":"2015-05-14T19:53:05","guid":{"rendered":"http:\/\/46.101.128.60\/?page_id=59"},"modified":"2015-06-24T22:06:05","modified_gmt":"2015-06-24T20:06:05","slug":"mobile-massage","status":"publish","type":"page","link":"https:\/\/birgit-commans.de\/index.php\/meine-massagen\/mobile-massage\/","title":{"rendered":"Mobile Massage"},"content":{"rendered":"<h2 class=\"art-postheader\">Mobile Massage<\/h2>\n<div class=\"art-postcontent\">\n<div class=\"art-article\">\n<div>F\u00fcr alle, die lieber eine Massage bei sich zu Hause<img loading=\"lazy\" class=\" size-medium wp-image-156 alignright\" src=\"http:\/\/46.101.128.60\/wp-content\/uploads\/2015\/06\/handtuch-kerze-100x150-200x300.jpg\" alt=\"handtuch kerze 100x150\" width=\"200\" height=\"300\" srcset=\"https:\/\/birgit-commans.de\/wp-content\/uploads\/2015\/06\/handtuch-kerze-100x150-200x300.jpg 200w, https:\/\/birgit-commans.de\/wp-content\/uploads\/2015\/06\/handtuch-kerze-100x150.jpg 283w\" sizes=\"(max-width: 200px) 100vw, 200px\" \/><br \/>\nerleben m\u00f6chten, biete ich meinen mobilen Massageservice an. Hierzu k\u00f6nnen Sie zwischen allen Massagen aus meinem Angebot w\u00e4hlen.Bitte nehmen Sie telefonisch Kontakt zu mir auf, damit wir in Ruhe Ihre Massage zu Hause planen k\u00f6nnen.<br \/>\nJe nach Entfernung und Zeitaufwand berechne ich eine entsprechende Aufwandspauschale.<\/p>\n<\/div>\n<blockquote><p><img loading=\"lazy\" class=\"alignnone wp-image-130\" src=\"http:\/\/46.101.128.60\/wp-content\/uploads\/2015\/05\/url-300x276.png\" alt=\"url\" width=\"24\" height=\"22\" srcset=\"https:\/\/birgit-commans.de\/wp-content\/uploads\/2015\/05\/url-300x276.png 300w, https:\/\/birgit-commans.de\/wp-content\/uploads\/2015\/05\/url.png 455w\" sizes=\"(max-width: 24px) 100vw, 24px\" \/><strong><em>Das Gl\u00fcck kommt zu denen, die es einladen.<\/em><\/strong><\/p><\/blockquote>\n<\/div>\n<\/div>\n","protected":false},"excerpt":{"rendered":"<p>Mobile Massage F\u00fcr alle, die lieber eine Massage bei sich zu Hause erleben m\u00f6chten, biete ich meinen mobilen Massageservice an. Hierzu k\u00f6nnen Sie zwischen allen Massagen aus meinem Angebot w\u00e4hlen.Bitte nehmen Sie telefonisch Kontakt zu mir auf, damit wir in Ruhe Ihre Massage zu Hause planen k\u00f6nnen. Je nach Entfernung und Zeitaufwand berechne ich eine [&hellip;]<\/p>\n","protected":false},"author":2,"featured_media":0,"parent":24,"menu_order":0,"comment_status":"closed","ping_status":"closed","template":"page-notitle.php","meta":[],"_links":{"self":[{"href":"https:\/\/birgit-commans.de\/index.php\/wp-json\/wp\/v2\/pages\/59"}],"collection":[{"href":"https:\/\/birgit-commans.de\/index.php\/wp-json\/wp\/v2\/pages"}],"about":[{"href":"https:\/\/birgit-commans.de\/index.php\/wp-json\/wp\/v2\/types\/page"}],"author":[{"embeddable":true,"href":"https:\/\/birgit-commans.de\/index.php\/wp-json\/wp\/v2\/users\/2"}],"replies":[{"embeddable":true,"href":"https:\/\/birgit-commans.de\/index.php\/wp-json\/wp\/v2\/comments?post=59"}],"version-history":[{"count":5,"href":"https:\/\/birgit-commans.de\/index.php\/wp-json\/wp\/v2\/pages\/59\/revisions"}],"predecessor-version":[{"id":211,"href":"https:\/\/birgit-commans.de\/index.php\/wp-json\/wp\/v2\/pages\/59\/revisions\/211"}],"up":[{"embeddable":true,"href":"https:\/\/birgit-commans.de\/index.php\/wp-json\/wp\/v2\/pages\/24"}],"wp:attachment":[{"href":"https:\/\/birgit-commans.de\/index.php\/wp-json\/wp\/v2\/media?parent=59"}],"curies":[{"name":"wp","href":"https:\/\/api.w.org\/{rel}","templated":true}]}}