{"id":62,"date":"2015-05-14T21:53:51","date_gmt":"2015-05-14T19:53:51","guid":{"rendered":"http:\/\/46.101.128.60\/?page_id=62"},"modified":"2016-12-30T11:30:51","modified_gmt":"2016-12-30T10:30:51","slug":"paarmassage","status":"publish","type":"page","link":"https:\/\/birgit-commans.de\/index.php\/meine-massagen\/paarmassage\/","title":{"rendered":"Paarmassage"},"content":{"rendered":"<h2 class=\"art-postheader\">Paarmassage<\/h2>\n<p>Eine Massage alleine ist schon eine genussvolle und entspannende Zeit f\u00fcr sich und seinen K\u00f6rper.<br \/>\nUmso sch\u00f6ner, wenn man diese Zeit mit seinem geliebten Partner oder einem lieben Menschen teilt.<br \/>\nNehmen Sie sich eine Auszeit vom Alltag und schenken Sie sich oder anderen dieses Erlebnis.<br \/>\nEin besonderes Geschenk f\u00fcr den Partner, Brautpaare, Frischverliebte oder als Hochzeitstags\u00fcberraschung.<br \/>\nSprechen Sie mich an, damit wir die passende Massage ausw\u00e4hlen und evtl. noch offene Fragen kl\u00e4ren. Bei der Paarmassage werde ich von einer Kollegin unterst\u00fctzt, so dass beide Personen gleichzeitig massiert werden.<\/p>\n<div class=\"art-postcontent\"><\/div>\n","protected":false},"excerpt":{"rendered":"<p>Paarmassage Eine Massage alleine ist schon eine genussvolle und entspannende Zeit f\u00fcr sich und seinen K\u00f6rper. Umso sch\u00f6ner, wenn man diese Zeit mit seinem geliebten Partner oder einem lieben Menschen teilt. Nehmen Sie sich eine Auszeit vom Alltag und schenken Sie sich oder anderen dieses Erlebnis. Ein besonderes Geschenk f\u00fcr den Partner, Brautpaare, Frischverliebte oder [&hellip;]<\/p>\n","protected":false},"author":2,"featured_media":0,"parent":24,"menu_order":2,"comment_status":"closed","ping_status":"closed","template":"page-notitle.php","meta":[],"_links":{"self":[{"href":"https:\/\/birgit-commans.de\/index.php\/wp-json\/wp\/v2\/pages\/62"}],"collection":[{"href":"https:\/\/birgit-commans.de\/index.php\/wp-json\/wp\/v2\/pages"}],"about":[{"href":"https:\/\/birgit-commans.de\/index.php\/wp-json\/wp\/v2\/types\/page"}],"author":[{"embeddable":true,"href":"https:\/\/birgit-commans.de\/index.php\/wp-json\/wp\/v2\/users\/2"}],"replies":[{"embeddable":true,"href":"https:\/\/birgit-commans.de\/index.php\/wp-json\/wp\/v2\/comments?post=62"}],"version-history":[{"count":2,"href":"https:\/\/birgit-commans.de\/index.php\/wp-json\/wp\/v2\/pages\/62\/revisions"}],"predecessor-version":[{"id":64,"href":"https:\/\/birgit-commans.de\/index.php\/wp-json\/wp\/v2\/pages\/62\/revisions\/64"}],"up":[{"embeddable":true,"href":"https:\/\/birgit-commans.de\/index.php\/wp-json\/wp\/v2\/pages\/24"}],"wp:attachment":[{"href":"https:\/\/birgit-commans.de\/index.php\/wp-json\/wp\/v2\/media?parent=62"}],"curies":[{"name":"wp","href":"https:\/\/api.w.org\/{rel}","templated":true}]}}