{"id":72,"date":"2015-05-14T22:00:49","date_gmt":"2015-05-14T20:00:49","guid":{"rendered":"http:\/\/46.101.128.60\/?page_id=72"},"modified":"2015-06-24T22:18:10","modified_gmt":"2015-06-24T20:18:10","slug":"specials","status":"publish","type":"page","link":"https:\/\/birgit-commans.de\/index.php\/preise\/specials\/","title":{"rendered":"Specials"},"content":{"rendered":"<h2 class=\"art-postheader\">Specials<\/h2>\n<div class=\"art-postcontent\">\n<div class=\"art-article\">\n<p><strong>6-er Abo<\/strong><\/p>\n<div>\n<p>Sie m\u00f6chten sich etwas Gutes tun und Ihre Selbstheilungskr\u00e4fte durch regelm\u00e4\u00dfige Massagen aktivieren und st\u00e4rken?<\/p>\n<p>Ich unterst\u00fctze Sie dabei und gew\u00e4hre einen Nachlass von 10% beim Kauf eines Abos.<\/p>\n<\/div>\n<p>Aktuelle Angebote finden Sie unter <strong><a href=\"http:\/\/46.101.128.60\/index.php\/aktuelles\/\">AKTUELLES<\/a><\/strong>.<\/p>\n<\/div>\n<\/div>\n","protected":false},"excerpt":{"rendered":"<p>Specials 6-er Abo Sie m\u00f6chten sich etwas Gutes tun und Ihre Selbstheilungskr\u00e4fte durch regelm\u00e4\u00dfige Massagen aktivieren und st\u00e4rken? Ich unterst\u00fctze Sie dabei und gew\u00e4hre einen Nachlass von 10% beim Kauf eines Abos. Aktuelle Angebote finden Sie unter AKTUELLES.<\/p>\n","protected":false},"author":2,"featured_media":0,"parent":28,"menu_order":0,"comment_status":"closed","ping_status":"closed","template":"page-notitle.php","meta":[],"_links":{"self":[{"href":"https:\/\/birgit-commans.de\/index.php\/wp-json\/wp\/v2\/pages\/72"}],"collection":[{"href":"https:\/\/birgit-commans.de\/index.php\/wp-json\/wp\/v2\/pages"}],"about":[{"href":"https:\/\/birgit-commans.de\/index.php\/wp-json\/wp\/v2\/types\/page"}],"author":[{"embeddable":true,"href":"https:\/\/birgit-commans.de\/index.php\/wp-json\/wp\/v2\/users\/2"}],"replies":[{"embeddable":true,"href":"https:\/\/birgit-commans.de\/index.php\/wp-json\/wp\/v2\/comments?post=72"}],"version-history":[{"count":3,"href":"https:\/\/birgit-commans.de\/index.php\/wp-json\/wp\/v2\/pages\/72\/revisions"}],"predecessor-version":[{"id":228,"href":"https:\/\/birgit-commans.de\/index.php\/wp-json\/wp\/v2\/pages\/72\/revisions\/228"}],"up":[{"embeddable":true,"href":"https:\/\/birgit-commans.de\/index.php\/wp-json\/wp\/v2\/pages\/28"}],"wp:attachment":[{"href":"https:\/\/birgit-commans.de\/index.php\/wp-json\/wp\/v2\/media?parent=72"}],"curies":[{"name":"wp","href":"https:\/\/api.w.org\/{rel}","templated":true}]}}