{"id":9,"date":"2015-05-14T17:33:52","date_gmt":"2015-05-14T15:33:52","guid":{"rendered":"http:\/\/46.101.128.60\/?page_id=9"},"modified":"2022-01-18T08:26:32","modified_gmt":"2022-01-18T07:26:32","slug":"home","status":"publish","type":"page","link":"https:\/\/birgit-commans.de\/","title":{"rendered":"Home"},"content":{"rendered":"\n<h2 class=\"art-postheader\">Ankommen und wohlf\u00fchlen<\/h2>\n\n\n\n<div class=\"art-postcontent\">\n<figure><a href=\"http:\/\/46.101.128.60\/wp-content\/uploads\/2015\/06\/handtuch-kerze-100x150.jpg\"><img loading=\"lazy\" class=\" size-medium wp-image-156 alignright\" src=\"http:\/\/46.101.128.60\/wp-content\/uploads\/2015\/06\/handtuch-kerze-100x150-200x300.jpg\" alt=\"handtuch kerze 100x150\" width=\"200\" height=\"300\" srcset=\"https:\/\/birgit-commans.de\/wp-content\/uploads\/2015\/06\/handtuch-kerze-100x150-200x300.jpg 200w, https:\/\/birgit-commans.de\/wp-content\/uploads\/2015\/06\/handtuch-kerze-100x150.jpg 283w\" sizes=\"(max-width: 200px) 100vw, 200px\" \/><\/a><\/figure><div class=\"art-article\">Sie&nbsp; w\u00fcnschen sich einen Ort, an dem Sie sich rundum wohlf\u00fchlen und Harmonie sp\u00fcren d\u00fcrfen?<br>Diesen Ort tr\u00e4gt jeder Mensch bereits in sich.<br><br><\/div>\n<div class=\"art-article\">Schenken Sie sich eine entspannte Auszeit in meinen R\u00e4umen.<br>Nehmen Sie sich&nbsp; kostbare Zeit um nach innen zu schauen.<br><br><\/div>\n<\/div>\n\n\n\n<div>Eine Wellnessmassage kann Ihnen Momente kostbarer Ruhe und Entspannung geben. Diese Impulse d\u00fcrfen Sie mit in den Alltag nehmen und Ver\u00e4nderung sp\u00fcren.<br><br><\/div>\n\n\n\n<div>Schauen Sie sich in Ruhe auf meiner Webseite um und w\u00e4hlen Sie das f\u00fcr Sie passende Wellnessprogramm.<br>Gerne berate ich Sie hierzu.<br><br>Ich freue mich auf Ihren Besuch!<\/div>\n\n\n\n<div><br><br>Ihre Katharina Birgit Commans<\/div>\n\n\n\n<div class=\"art-postcontent\">\n<p style=\"text-align: right;\">Engerweg 2a<br>Willich-Anrath<br>Telefon 02156 3211<\/p>\n<blockquote><p><img loading=\"lazy\" class=\"alignnone wp-image-130\" src=\"http:\/\/46.101.128.60\/wp-content\/uploads\/2015\/05\/url-300x276.png\" alt=\"url\" width=\"24\" height=\"22\" srcset=\"https:\/\/birgit-commans.de\/wp-content\/uploads\/2015\/05\/url-300x276.png 300w, https:\/\/birgit-commans.de\/wp-content\/uploads\/2015\/05\/url.png 455w\" sizes=\"(max-width: 24px) 100vw, 24px\" \/><strong><em>Gib deiner Seele Raum und deinem K\u00f6rper eine Pause.<\/em><\/strong><\/p><\/blockquote>\n<\/div>\n\n\n\n<p><\/p>\n","protected":false},"excerpt":{"rendered":"<p>Ankommen und wohlf\u00fchlen Sie&nbsp; w\u00fcnschen sich einen Ort, an dem Sie sich rundum wohlf\u00fchlen und Harmonie sp\u00fcren d\u00fcrfen?Diesen Ort tr\u00e4gt jeder Mensch bereits in sich. Schenken Sie sich eine entspannte Auszeit in meinen R\u00e4umen.Nehmen Sie sich&nbsp; kostbare Zeit um nach innen zu schauen. Eine Wellnessmassage kann Ihnen Momente kostbarer Ruhe und Entspannung geben. Diese Impulse [&hellip;]<\/p>\n","protected":false},"author":2,"featured_media":0,"parent":0,"menu_order":0,"comment_status":"open","ping_status":"closed","template":"page-notitle.php","meta":[],"_links":{"self":[{"href":"https:\/\/birgit-commans.de\/index.php\/wp-json\/wp\/v2\/pages\/9"}],"collection":[{"href":"https:\/\/birgit-commans.de\/index.php\/wp-json\/wp\/v2\/pages"}],"about":[{"href":"https:\/\/birgit-commans.de\/index.php\/wp-json\/wp\/v2\/types\/page"}],"author":[{"embeddable":true,"href":"https:\/\/birgit-commans.de\/index.php\/wp-json\/wp\/v2\/users\/2"}],"replies":[{"embeddable":true,"href":"https:\/\/birgit-commans.de\/index.php\/wp-json\/wp\/v2\/comments?post=9"}],"version-history":[{"count":33,"href":"https:\/\/birgit-commans.de\/index.php\/wp-json\/wp\/v2\/pages\/9\/revisions"}],"predecessor-version":[{"id":382,"href":"https:\/\/birgit-commans.de\/index.php\/wp-json\/wp\/v2\/pages\/9\/revisions\/382"}],"wp:attachment":[{"href":"https:\/\/birgit-commans.de\/index.php\/wp-json\/wp\/v2\/media?parent=9"}],"curies":[{"name":"wp","href":"https:\/\/api.w.org\/{rel}","templated":true}]}}